{"id":957,"date":"2020-01-10T12:46:30","date_gmt":"2020-01-10T12:46:30","guid":{"rendered":"http:\/\/192.168.1.7\/?page_id=957"},"modified":"2021-04-01T04:48:53","modified_gmt":"2021-04-01T04:48:53","slug":"application-demo-3","status":"publish","type":"page","link":"https:\/\/anlab.vn\/vi\/application-of-ocr-al\/application-demo-3\/","title":{"rendered":"Nh\u1eadn di\u1ec7n t\u1ef1 \u0111\u1ed9ng 7 \u0111o\u1ea1n"},"content":{"rendered":"<p>[vc_row padding_top=&#8221;0&#8243;][vc_column][vc_single_image image=&#8221;2917&#8243; img_size=&#8221;1000&#215;600&#8243;][\/vc_column][\/vc_row][vc_row padding_top=&#8221;0&#8243;][vc_column][vc_column_text]<\/p>\n<h3><strong><span style=\"color: #bb0000;\">\u1ee8ng d\u1ee5ng 3: Nh\u1eadn di\u1ec7n t\u1ef1 \u0111\u1ed9ng 7 \u0111o\u1ea1n (7 segments)<\/span><\/strong><\/h3>\n<p><span style=\"color: #bb0000; font-family: Montserrat, Helvetica, Arial, sans-serif; font-size: 18px; letter-spacing: -0.2px;\">\u25c6 Kh\u00e1ch h\u00e0ng<\/span><\/p>\n<div class=\"section-title\">\n<ul>\n<li>C\u00f4ng ty s\u1ea3n xu\u1ea5t h\u00f3a ch\u1ea5t<\/li>\n<\/ul>\n<h4><span style=\"color: #bb0000;\">\u25c6 V\u1ea5n \u0111\u1ec1<\/span><\/h4>\n<ul>\n<li>Mu\u1ed1n \u0111\u01b0a gi\u00e1 tr\u1ecb s\u1ed1 nh\u01b0 tr\u1ecdng l\u01b0\u1ee3ng&#8230;\u0111\u00e3 \u0111\u01b0\u1ee3c \u0111o \u0111\u1ea1c t\u1ea1i nh\u00e0 m\u00e1y v\u00e0o h\u1ec7 th\u1ed1ng nghi\u1ec7p v\u1ee5, nh\u01b0ng m\u1ea5t th\u1eddi gian v\u00e0 c\u00f4ng s\u1ee9c x\u00e1c nh\u1eadn gi\u00e1 tr\u1ecb \u0111\u00f3 b\u1eb1ng m\u1eaft r\u1ed3i \u0111\u01b0a v\u00e0o h\u1ec7 th\u1ed1ng.<\/li>\n<\/ul>\n<h4><span style=\"color: #bb0000;\">\u25c6 Gi\u1ea3i ph\u00e1p<\/span><\/h4>\n<\/div>\n<div class=\"section-title\">\n<ul>\n<li>S\u1eed d\u1ee5ng AI OCR \u0111i\u1ec1u ch\u1ec9nh cho 7 \u0111o\u1ea1n c\u00f3 th\u1ec3 nh\u1eadn di\u1ec7n \u0111\u01b0\u1ee3c gi\u00e1 tr\u1ecb s\u1ed1 t\u1eeb \u1ea3nh t\u0129nh ho\u1eb7c video \u0111\u00e3 ch\u1ee5p b\u1eb1ng c\u00e1c thi\u1ebft b\u1ecb nh\u01b0 m\u00e1y \u1ea3nh c\u1ea7m tay&#8230;.<\/li>\n<li>Ngay c\u1ea3 khi b\u1ec1 m\u1eb7t hi\u1ec3n th\u1ecb s\u1ed1 b\u1ecb tr\u1ea7y x\u01b0\u1edbc ho\u1eb7c kh\u00f3 nh\u00ecn do ph\u1ea3n chi\u1ebfu \u00e1nh s\u00e1ng, ch\u1ec9 c\u1ea7n m\u1eaft th\u01b0\u1eddng c\u00f3 th\u1ec3 x\u00e1c \u0111\u1ecbnh \u0111\u01b0\u1ee3c th\u00ec AI OCR c\u0169ng c\u00f3 th\u1ec3 nh\u1eadn ra.<\/li>\n<\/ul>\n<\/div>\n<p>[\/vc_column_text][\/vc_column][\/vc_row]<\/p>\n","protected":false},"excerpt":{"rendered":"<p>Mu\u1ed1n \u0111\u01b0a gi\u00e1 tr\u1ecb s\u1ed1 nh\u01b0 tr\u1ecdng l\u01b0\u1ee3ng&#8230;\u0111\u00e3 \u0111\u01b0\u1ee3c \u0111o \u0111\u1ea1c t\u1ea1i nh\u00e0 m\u00e1y v\u00e0o h\u1ec7 th\u1ed1ng nghi\u1ec7p v\u1ee5, nh\u01b0ng m\u1ea5t th\u1eddi gian v\u00e0 c\u00f4ng s\u1ee9c x\u00e1c nh\u1eadn gi\u00e1 tr\u1ecb \u0111\u00f3 b\u1eb1ng m\u1eaft r\u1ed3i \u0111\u01b0a v\u00e0o h\u1ec7 th\u1ed1ng.<\/p>\n","protected":false},"author":1,"featured_media":2914,"parent":950,"menu_order":0,"comment_status":"closed","ping_status":"closed","template":"","meta":[],"_links":{"self":[{"href":"https:\/\/anlab.vn\/vi\/wp-json\/wp\/v2\/pages\/957"}],"collection":[{"href":"https:\/\/anlab.vn\/vi\/wp-json\/wp\/v2\/pages"}],"about":[{"href":"https:\/\/anlab.vn\/vi\/wp-json\/wp\/v2\/types\/page"}],"author":[{"embeddable":true,"href":"https:\/\/anlab.vn\/vi\/wp-json\/wp\/v2\/users\/1"}],"replies":[{"embeddable":true,"href":"https:\/\/anlab.vn\/vi\/wp-json\/wp\/v2\/comments?post=957"}],"version-history":[{"count":2,"href":"https:\/\/anlab.vn\/vi\/wp-json\/wp\/v2\/pages\/957\/revisions"}],"predecessor-version":[{"id":3925,"href":"https:\/\/anlab.vn\/vi\/wp-json\/wp\/v2\/pages\/957\/revisions\/3925"}],"up":[{"embeddable":true,"href":"https:\/\/anlab.vn\/vi\/wp-json\/wp\/v2\/pages\/950"}],"wp:featuredmedia":[{"embeddable":true,"href":"https:\/\/anlab.vn\/vi\/wp-json\/wp\/v2\/media\/2914"}],"wp:attachment":[{"href":"https:\/\/anlab.vn\/vi\/wp-json\/wp\/v2\/media?parent=957"}],"curies":[{"name":"wp","href":"https:\/\/api.w.org\/{rel}","templated":true}]}}