{"id":955,"date":"2020-01-10T12:45:38","date_gmt":"2020-01-10T12:45:38","guid":{"rendered":"http:\/\/192.168.1.7\/?page_id=955"},"modified":"2021-04-01T04:48:53","modified_gmt":"2021-04-01T04:48:53","slug":"application-demo-2","status":"publish","type":"page","link":"https:\/\/anlab.vn\/vi\/application-of-ocr-al\/application-demo-2\/","title":{"rendered":"Nh\u1eadn di\u1ec7n t\u1ef1 \u0111\u1ed9ng nh\u00e3n\/Label"},"content":{"rendered":"<p>[vc_row padding_top=&#8221;0&#8243;][vc_column][vc_single_image image=&#8221;3849&#8243; img_size=&#8221;1000&#215;600&#8243;][\/vc_column][\/vc_row][vc_row padding_top=&#8221;0&#8243;][vc_column][vc_column_text]<\/p>\n<h3><strong><span style=\"color: #bb0000;\">\u1ee8ng d\u1ee5ng 2: Nh\u1eadn di\u1ec7n t\u1ef1 \u0111\u1ed9ng nh\u00e3n\/Label<\/span><\/strong><\/h3>\n<p><span style=\"color: #bb0000; font-family: Montserrat, Helvetica, Arial, sans-serif; font-size: 18px; letter-spacing: -0.2px;\">\u25c6 Kh\u00e1ch h\u00e0ng<\/span><\/p>\n<div class=\"section-title\">\n<ul>\n<li>C\u00f4ng ty s\u1ea3n xu\u1ea5t h\u00f3a ch\u1ea5t<\/li>\n<\/ul>\n<h4><span style=\"color: #bb0000;\">\u25c6 V\u1ea5n \u0111\u1ec1<\/span><\/h4>\n<ul>\n<li>Trong nh\u00e0 m\u00e1y, hi\u1ec7n t\u1ea1i s\u1eed d\u1ee5ng r\u1ea5t nhi\u1ec1u lo\u1ea1i nguy\u00ean li\u1ec7u h\u00f3a h\u1ecdc.<br \/>\nC\u1ea7n ph\u1ea3i qu\u1ea3n l\u00fd \u0111\u1ec3 bi\u1ebft \u0111\u01b0\u1ee3c &#8220;\u0110ang s\u1eed d\u1ee5ng l\u00f4 n\u00e0o, c\u1ee7a nguy\u00ean li\u1ec7u n\u00e0o, thu\u1ed9c nh\u00e0 s\u1ea3n xu\u1ea5t n\u00e0o cho l\u00f4 n\u00e0o c\u1ee7a s\u1ea3n ph\u1ea9m n\u00e0o&#8221;<\/li>\n<li>Do \u0111\u1ecbnh d\u1ea1ng nh\u00e3n, v\u1ecb tr\u00ed ghi m\u00e3 h\u00e0ng, m\u00e3 l\u00f4 h\u00e0ng kh\u00e1c nhau v\u1edbi m\u1ed7i c\u00f4ng ty, n\u00ean kh\u00f3 \u0111\u1ec3 qu\u1ea3n l\u00fd t\u1ef1 \u0111\u1ed9ng.<\/li>\n<\/ul>\n<h4><span style=\"color: #bb0000;\">\u25c6 Gi\u1ea3i ph\u00e1p<\/span><\/h4>\n<\/div>\n<div class=\"section-title\">\n<ul>\n<li>AI OCR c\u00f3 th\u1ec3 nh\u1eadn di\u1ec7n v\u1ecb tr\u00ed v\u00e0 gi\u00e1 tr\u1ecb c\u1ee7a m\u00e3 h\u00e0ng, m\u00e3 l\u00f4 h\u00e0ng t\u1eeb bao b\u00ec \u0111\u00f3ng g\u00f3i.<br \/>\n\u0110i\u1ec1u n\u00e0y c\u00f3 \u00edch cho vi\u1ec7c qu\u1ea3n l\u00fd d\u00e2y chuy\u1ec1n s\u1ea3n xu\u1ea5t trong nh\u00e0 m\u00e1y.<\/li>\n<li>Th\u1eadm ch\u00ed v\u1edbi t\u00fai h\u00e0ng gi\u1ea5y nho\u0103n nheo, nhi\u1ec1u v\u1ebft g\u1ea5p, AI OCR v\u1eabn c\u00f3 th\u1ec3 c\u1ea3i thi\u1ec7n \u0111\u1ed9 ch\u00ednh x\u00e1c trong nh\u1eadn di\u1ec7n b\u1eb1ng c\u00e1ch l\u1eb7p \u0111i l\u1eb7p l\u1ea1i theo t\u00e1c r\u1ed3i tr\u1ea3 l\u1ea1i k\u1ebft qu\u1ea3.<\/li>\n<\/ul>\n<\/div>\n<p>[\/vc_column_text][\/vc_column][\/vc_row]<\/p>\n","protected":false},"excerpt":{"rendered":"<p>Trong nh\u00e0 m\u00e1y, hi\u1ec7n t\u1ea1i s\u1eed d\u1ee5ng r\u1ea5t nhi\u1ec1u lo\u1ea1i nguy\u00ean li\u1ec7u h\u00f3a h\u1ecdc. C\u1ea7n ph\u1ea3i qu\u1ea3n l\u00fd \u0111\u1ec3 bi\u1ebft \u0111\u01b0\u1ee3c &#8220;\u0110ang s\u1eed d\u1ee5ng l\u00f4 n\u00e0o, c\u1ee7a nguy\u00ean li\u1ec7u n\u00e0o, thu\u1ed9c nh\u00e0 s\u1ea3n xu\u1ea5t n\u00e0o cho l\u00f4 n\u00e0o c\u1ee7a s\u1ea3n ph\u1ea9m n\u00e0o&#8221;<\/p>\n","protected":false},"author":1,"featured_media":3849,"parent":950,"menu_order":0,"comment_status":"closed","ping_status":"closed","template":"","meta":[],"_links":{"self":[{"href":"https:\/\/anlab.vn\/vi\/wp-json\/wp\/v2\/pages\/955"}],"collection":[{"href":"https:\/\/anlab.vn\/vi\/wp-json\/wp\/v2\/pages"}],"about":[{"href":"https:\/\/anlab.vn\/vi\/wp-json\/wp\/v2\/types\/page"}],"author":[{"embeddable":true,"href":"https:\/\/anlab.vn\/vi\/wp-json\/wp\/v2\/users\/1"}],"replies":[{"embeddable":true,"href":"https:\/\/anlab.vn\/vi\/wp-json\/wp\/v2\/comments?post=955"}],"version-history":[{"count":2,"href":"https:\/\/anlab.vn\/vi\/wp-json\/wp\/v2\/pages\/955\/revisions"}],"predecessor-version":[{"id":3924,"href":"https:\/\/anlab.vn\/vi\/wp-json\/wp\/v2\/pages\/955\/revisions\/3924"}],"up":[{"embeddable":true,"href":"https:\/\/anlab.vn\/vi\/wp-json\/wp\/v2\/pages\/950"}],"wp:featuredmedia":[{"embeddable":true,"href":"https:\/\/anlab.vn\/vi\/wp-json\/wp\/v2\/media\/3849"}],"wp:attachment":[{"href":"https:\/\/anlab.vn\/vi\/wp-json\/wp\/v2\/media?parent=955"}],"curies":[{"name":"wp","href":"https:\/\/api.w.org\/{rel}","templated":true}]}}