{"id":952,"date":"2020-01-10T12:44:15","date_gmt":"2020-01-10T12:44:15","guid":{"rendered":"http:\/\/192.168.1.7\/?page_id=952"},"modified":"2021-04-01T04:48:52","modified_gmt":"2021-04-01T04:48:52","slug":"application-demo-1","status":"publish","type":"page","link":"https:\/\/anlab.vn\/vi\/application-of-ocr-al\/application-demo-1\/","title":{"rendered":"Nh\u1eadn di\u1ec7n t\u1ef1 \u0111\u1ed9ng ch\u1eef vi\u1ebft tay"},"content":{"rendered":"<p>[vc_row padding_top=&#8221;0&#8243;][vc_column][vc_single_image image=&#8221;3548&#8243; img_size=&#8221;1000&#215;600&#8243;][\/vc_column][\/vc_row][vc_row padding_top=&#8221;0&#8243;][vc_column][vc_column_text]<\/p>\n<h3><strong><span style=\"color: #bb0000;\">\u1ee8ng d\u1ee5ng 1: Nh\u1eadn di\u1ec7n t\u1ef1 \u0111\u1ed9ng ch\u1eef vi\u1ebft tay<\/span><\/strong><\/h3>\n<p><span style=\"color: #bb0000; font-family: Montserrat, Helvetica, Arial, sans-serif; font-size: 18px; letter-spacing: -0.2px;\">\u25c6 Kh\u00e1ch h\u00e0ng<\/span><\/p>\n<div class=\"section-title\">\n<ul>\n<li>C\u00f4ng ty v\u1ec1 Billing<\/li>\n<\/ul>\n<h4><span style=\"color: #bb0000;\">\u25c6 V\u1ea5n \u0111\u1ec1<\/span><\/h4>\n<ul>\n<li>Ph\u1ea3i check h\u00e0ng ngh\u00ecn Billing h\u00e0ng ng\u00e0y b\u1eb1ng m\u1eaft, v\u00e0 mu\u1ed1n ti\u1ebft ki\u1ec7m th\u1eddi gian v\u00e0 c\u00f4ng s\u1ee9c.<\/li>\n<li>Ngo\u00e0i ra, c\u00f3 nhi\u1ec1u m\u1ee5c trong billing c\u1ea7n ph\u1ea3i check, v\u00e0 c\u00e1c m\u1ee5c c\u00f3 m\u1ed1i quan h\u1ec7 v\u1edbi nhau, n\u00ean vi\u1ec7c check tr\u1edf l\u00ean ph\u1ee9c t\u1ea1p v\u00e0 ng\u01b0\u1eddi check d\u1ec5 b\u1ecb l\u1ed7i.<\/li>\n<li>V\u00ed d\u1ee5, li\u1ec7u t\u00ean, ch\u1eef k\u00fd b\u1eb1ng tay, v\u00e0 t\u00ean \u0111\u00f3ng d\u1ea5u trong Billing c\u00f3 c\u00f9ng l\u00e0 m\u1ed9t hay kh\u00f4ng.<\/li>\n<\/ul>\n<h4><span style=\"color: #bb0000;\">\u25c6 Gi\u1ea3i ph\u00e1p<\/span><\/h4>\n<\/div>\n<div class=\"section-title\">\n<p>\u00a0 \u00a0 \u00a0Ng\u00e0y th\u00e1ng n\u0103m, \u0111\u1ecba ch\u1ec9, t\u00ean vi\u1ebft tay trong Billing c\u00f3 th\u1ec3 \u0111\u01b0\u1ee3c x\u00e1c \u0111\u1ecbnh b\u1eb1ng AI OCR.<\/p>\n<ul>\n<li>V\u1edbi \u0111\u1ecba ch\u1ec9 vi\u1ebft tay, AI OCR c\u00f3 th\u1ec3 ki\u1ec3m tra xem li\u1ec7u \u0111\u1ecba ch\u1ec9 \u0111\u00f3 c\u00f3 ph\u1ea3i l\u00e0 t\u00ean \u0111\u1ecba danh th\u1ef1c t\u1ebf kh\u00f4ng d\u1ef1a v\u00e0o k\u1ebft qu\u1ea3 trong qu\u00e1 kh\u1ee9.<\/li>\n<li>V\u1edbi ch\u1eef k\u00fd v\u00e0 con d\u1ea5u, l\u00e0 \u0111\u1ed1i t\u01b0\u1ee3ng kh\u00f3 nh\u1eadn di\u1ec7n, AI OCRgi\u00fap c\u1ea3i thi\u1ec7n \u0111\u1ed9 ch\u00ednh x\u00e1c c\u1ee7a nh\u1eadn di\u1ec7n d\u1ef1a tr\u00ean k\u1ebft qu\u1ea3 \u0111\u00e3 c\u00f3.<\/li>\n<li>Th\u00eam v\u00e0o \u0111\u00f3, AI OCR c\u00f3 th\u1ec3 ph\u00e1n \u0111o\u00e1n \u0111\u01b0\u1ee3c t\u00ednh h\u1ee3p l\u1ec7 trong n\u1ed9i dung d\u1ef1a tr\u00ean t\u00ednh li\u00ean quan gi\u1eefa c\u00e1c m\u1ee5c \u0111\u00e3 nh\u1eadp.<\/li>\n<\/ul>\n<\/div>\n<p>[\/vc_column_text][\/vc_column][\/vc_row]<\/p>\n","protected":false},"excerpt":{"rendered":"<p>Ph\u1ea3i check h\u00e0ng ngh\u00ecn Billing h\u00e0ng ng\u00e0y b\u1eb1ng m\u1eaft, v\u00e0 mu\u1ed1n ti\u1ebft ki\u1ec7m th\u1eddi gian v\u00e0 c\u00f4ng s\u1ee9c.<\/p>\n","protected":false},"author":1,"featured_media":3549,"parent":950,"menu_order":0,"comment_status":"closed","ping_status":"closed","template":"","meta":[],"_links":{"self":[{"href":"https:\/\/anlab.vn\/vi\/wp-json\/wp\/v2\/pages\/952"}],"collection":[{"href":"https:\/\/anlab.vn\/vi\/wp-json\/wp\/v2\/pages"}],"about":[{"href":"https:\/\/anlab.vn\/vi\/wp-json\/wp\/v2\/types\/page"}],"author":[{"embeddable":true,"href":"https:\/\/anlab.vn\/vi\/wp-json\/wp\/v2\/users\/1"}],"replies":[{"embeddable":true,"href":"https:\/\/anlab.vn\/vi\/wp-json\/wp\/v2\/comments?post=952"}],"version-history":[{"count":3,"href":"https:\/\/anlab.vn\/vi\/wp-json\/wp\/v2\/pages\/952\/revisions"}],"predecessor-version":[{"id":3923,"href":"https:\/\/anlab.vn\/vi\/wp-json\/wp\/v2\/pages\/952\/revisions\/3923"}],"up":[{"embeddable":true,"href":"https:\/\/anlab.vn\/vi\/wp-json\/wp\/v2\/pages\/950"}],"wp:featuredmedia":[{"embeddable":true,"href":"https:\/\/anlab.vn\/vi\/wp-json\/wp\/v2\/media\/3549"}],"wp:attachment":[{"href":"https:\/\/anlab.vn\/vi\/wp-json\/wp\/v2\/media?parent=952"}],"curies":[{"name":"wp","href":"https:\/\/api.w.org\/{rel}","templated":true}]}}