{"id":947,"date":"2020-01-10T12:37:04","date_gmt":"2020-01-10T12:37:04","guid":{"rendered":"http:\/\/192.168.1.7\/?page_id=947"},"modified":"2021-04-01T04:48:52","modified_gmt":"2021-04-01T04:48:52","slug":"automatic-check-for-paper-forms","status":"publish","type":"page","link":"https:\/\/anlab.vn\/vi\/application-of-picmatch-al\/automatic-check-for-paper-forms\/","title":{"rendered":"Ki\u1ec3m tra t\u1ef1 \u0111\u1ed9ng m\u1eabu gi\u1ea5y t\u1edd"},"content":{"rendered":"<p>[vc_row margin_top=&#8221;0&#8243; padding_top=&#8221;0&#8243;][vc_column][vc_column_text]<\/p>\n<h3><span style=\"color: #bb0000;\">\u1ee8ng d\u1ee5ng 6: Ki\u1ec3m tra t\u1ef1 \u0111\u1ed9ng m\u1eabu gi\u1ea5y t\u1edd<\/span><\/h3>\n<ul>\n<li>Ki\u1ec3m tra t\u1ef1 \u0111\u1ed9ng c\u00e1c v\u00f9ng trong m\u1eabu gi\u1ea5y t\u1edd \u0111\u00e3 \u0111\u01b0\u1ee3c \u0111i\u1ec1n \u0111\u00fang v\u00e0 \u0111\u00e3 \u0111\u01b0\u1ee3c k\u00fd hay ch\u01b0a.<\/li>\n<\/ul>\n<p>&lt;&lt; Chi ti\u1ebft s\u1ebd \u0111\u01b0\u1ee3c c\u1eadp nh\u1eadt s\u1edbm &gt;&gt;[\/vc_column_text][\/vc_column][\/vc_row]<\/p>\n","protected":false},"excerpt":{"rendered":"<p>Ki\u1ec3m tra t\u1ef1 \u0111\u1ed9ng c\u00e1c v\u00f9ng trong m\u1eabu gi\u1ea5y t\u1edd \u0111\u00e3 \u0111\u01b0\u1ee3c \u0111i\u1ec1n \u0111\u00fang v\u00e0 \u0111\u00e3 \u0111\u01b0\u1ee3c k\u00fd hay ch\u01b0a.<\/p>\n","protected":false},"author":1,"featured_media":2829,"parent":933,"menu_order":5,"comment_status":"closed","ping_status":"closed","template":"","meta":[],"_links":{"self":[{"href":"https:\/\/anlab.vn\/vi\/wp-json\/wp\/v2\/pages\/947"}],"collection":[{"href":"https:\/\/anlab.vn\/vi\/wp-json\/wp\/v2\/pages"}],"about":[{"href":"https:\/\/anlab.vn\/vi\/wp-json\/wp\/v2\/types\/page"}],"author":[{"embeddable":true,"href":"https:\/\/anlab.vn\/vi\/wp-json\/wp\/v2\/users\/1"}],"replies":[{"embeddable":true,"href":"https:\/\/anlab.vn\/vi\/wp-json\/wp\/v2\/comments?post=947"}],"version-history":[{"count":2,"href":"https:\/\/anlab.vn\/vi\/wp-json\/wp\/v2\/pages\/947\/revisions"}],"predecessor-version":[{"id":3921,"href":"https:\/\/anlab.vn\/vi\/wp-json\/wp\/v2\/pages\/947\/revisions\/3921"}],"up":[{"embeddable":true,"href":"https:\/\/anlab.vn\/vi\/wp-json\/wp\/v2\/pages\/933"}],"wp:featuredmedia":[{"embeddable":true,"href":"https:\/\/anlab.vn\/vi\/wp-json\/wp\/v2\/media\/2829"}],"wp:attachment":[{"href":"https:\/\/anlab.vn\/vi\/wp-json\/wp\/v2\/media?parent=947"}],"curies":[{"name":"wp","href":"https:\/\/api.w.org\/{rel}","templated":true}]}}