{"id":945,"date":"2020-01-10T12:36:26","date_gmt":"2020-01-10T12:36:26","guid":{"rendered":"http:\/\/192.168.1.7\/?page_id=945"},"modified":"2021-04-01T04:48:52","modified_gmt":"2021-04-01T04:48:52","slug":"object-tracking-motion-analysis","status":"publish","type":"page","link":"https:\/\/anlab.vn\/vi\/application-of-picmatch-al\/object-tracking-motion-analysis\/","title":{"rendered":"Theo d\u00f5i \u0111\u1ed1i t\u01b0\u1ee3ng, ph\u00e2n t\u00edch ho\u1ea1t \u0111\u1ed9ng"},"content":{"rendered":"<p>[vc_row margin_top=&#8221;0&#8243; padding_top=&#8221;0&#8243;][vc_column][vc_column_text]<\/p>\n<h3><span style=\"color: #bb0000;\">\u1ee8ng d\u1ee5ng 5: Theo d\u00f5i \u0111\u1ed1i t\u01b0\u1ee3ng, ph\u00e2n t\u00edch ho\u1ea1t \u0111\u1ed9ng<\/span><\/h3>\n<ul>\n<li>Theo d\u00f5i s\u1ea3n ph\u1ea9m c\u1ee5 th\u1ec3 xu\u1ea5t hi\u1ec7n trong video. Ng\u01b0\u1eddi d\u00f9ng c\u00f3 th\u1ec3 k\u00edch v\u00e0o s\u1ea3n ph\u1ea9m \u0111\u1ec3 xem chi ti\u1ebft.<\/li>\n<li>Nh\u1eadn di\u1ec7n gia s\u00fac (b\u00f2) t\u1eeb camera theo d\u00f5i, ph\u00e2n t\u00edch ho\u1ea1t \u0111\u1ed9ng v\u00e0 t\u00ecnh tr\u1ea1ng s\u1ee9c kh\u1ecfe c\u1ee7a ch\u00fang.<\/li>\n<\/ul>\n<p style=\"text-align: left;\">&lt;&lt; Chi ti\u1ebft s\u1ebd \u0111\u01b0\u1ee3c c\u1eadp nh\u1eadt s\u1edbm &gt;&gt;<\/p>\n<p>[\/vc_column_text][\/vc_column][\/vc_row]<\/p>\n","protected":false},"excerpt":{"rendered":"<p>Tracking the position a fashion item in the video, so user can click on the product and see the product details.<\/p>\n","protected":false},"author":1,"featured_media":2820,"parent":933,"menu_order":6,"comment_status":"closed","ping_status":"closed","template":"","meta":[],"_links":{"self":[{"href":"https:\/\/anlab.vn\/vi\/wp-json\/wp\/v2\/pages\/945"}],"collection":[{"href":"https:\/\/anlab.vn\/vi\/wp-json\/wp\/v2\/pages"}],"about":[{"href":"https:\/\/anlab.vn\/vi\/wp-json\/wp\/v2\/types\/page"}],"author":[{"embeddable":true,"href":"https:\/\/anlab.vn\/vi\/wp-json\/wp\/v2\/users\/1"}],"replies":[{"embeddable":true,"href":"https:\/\/anlab.vn\/vi\/wp-json\/wp\/v2\/comments?post=945"}],"version-history":[{"count":2,"href":"https:\/\/anlab.vn\/vi\/wp-json\/wp\/v2\/pages\/945\/revisions"}],"predecessor-version":[{"id":3920,"href":"https:\/\/anlab.vn\/vi\/wp-json\/wp\/v2\/pages\/945\/revisions\/3920"}],"up":[{"embeddable":true,"href":"https:\/\/anlab.vn\/vi\/wp-json\/wp\/v2\/pages\/933"}],"wp:featuredmedia":[{"embeddable":true,"href":"https:\/\/anlab.vn\/vi\/wp-json\/wp\/v2\/media\/2820"}],"wp:attachment":[{"href":"https:\/\/anlab.vn\/vi\/wp-json\/wp\/v2\/media?parent=945"}],"curies":[{"name":"wp","href":"https:\/\/api.w.org\/{rel}","templated":true}]}}