{"id":942,"date":"2020-01-10T12:35:25","date_gmt":"2020-01-10T12:35:25","guid":{"rendered":"http:\/\/192.168.1.7\/?page_id=942"},"modified":"2021-04-01T04:48:52","modified_gmt":"2021-04-01T04:48:52","slug":"automatic-stocktaking","status":"publish","type":"page","link":"https:\/\/anlab.vn\/vi\/application-of-picmatch-al\/automatic-stocktaking\/","title":{"rendered":"Ki\u1ec3m k\u00ea s\u1ea3n ph\u1ea9m t\u1ef1 \u0111\u1ed9ng"},"content":{"rendered":"<p>[vc_row margin_bottom=&#8221;0&#8243; padding_top=&#8221;0&#8243; padding_bottom=&#8221;0&#8243;][vc_column][vc_single_image image=&#8221;1694&#8243; img_size=&#8221;1000&#215;600&#8243;][\/vc_column][\/vc_row][vc_row][vc_column][vc_column_text]<\/p>\n<h3><strong><span style=\"color: #bb0000;\">\u1ee8ng d\u1ee5ng 4: Ki\u1ec3m k\u00ea s\u1ea3n ph\u1ea9m t\u1ef1 \u0111\u1ed9ng<\/span><\/strong><\/h3>\n<p><span style=\"color: #bb0000; font-family: Montserrat, Helvetica, Arial, sans-serif; font-size: 18px; letter-spacing: -0.2px;\">Kh\u00e1ch h\u00e0ng<\/span><\/p>\n<div class=\"section-title\">\n<ul>\n<li>C\u00f4ng ty ph\u00e2n ph\u1ed1i v\u00e0 b\u00e1n l\u1ebb<\/li>\n<\/ul>\n<h4><span style=\"color: #bb0000;\">V\u1ea5n \u0111\u1ec1<\/span><\/h4>\n<ul>\n<li>C\u00e1c c\u1eeda h\u00e0ng c\u1ea7n ki\u1ec3m k\u00ea th\u01b0\u1eddng xuy\u00ean \u0111\u1ec3 c\u1eadp nh\u1eadt d\u1eef li\u1ec7u.<\/li>\n<li>Hi\u1ec7n t\u1ea1i, \u0111ang th\u1ef1c hi\u1ec7n b\u1eb1ng tay, qu\u00e9t t\u1eebng s\u1ea3n ph\u1ea9m, \u0111i\u1ec1u n\u00e0y g\u1ea5y l\u00e3ng ph\u00ed th\u1eddi gian v\u00e0 t\u1ed1n k\u00e9m chi ph\u00ed.<\/li>\n<\/ul>\n<h4><span style=\"color: #bb0000;\">Gi\u1ea3i ph\u00e1p<\/span><\/h4>\n<ul>\n<li>Ng\u01b0\u1eddi tr\u00f4ng c\u1eeda h\u00e0ng ch\u1ee5p \u1ea3nh c\u00e1c gi\u00e1 s\u1ea3n ph\u1ea9m.<\/li>\n<li>PicMatch t\u1ef1 \u0111\u1ed9ng nh\u1eadn di\u1ec7n v\u00e0 c\u1eaft ra c\u00e1c v\u00f9ng bao t\u01b0\u01a1ng \u1ee9ng v\u1edbi m\u1ed7i s\u1ea3n ph\u1ea9m.<\/li>\n<li>Sau \u0111\u00f3, PicMatch t\u00ecm ki\u1ebfm trong c\u01a1 s\u1edf d\u1eef li\u1ec7u \u1ea3nh \u0111\u1ec3 t\u00ecm ra c\u00e1c \u1ea3nh s\u1ea3n ph\u1ea9m t\u01b0\u01a1ng \u1ee9ng v\u1edbi v\u00f9ng bao v\u00e0 x\u00e1c \u0111\u1ecbnh s\u1ea3n ph\u1ea9m.<\/li>\n<\/ul>\n<\/div>\n<p>[\/vc_column_text][\/vc_column][\/vc_row]<\/p>\n","protected":false},"excerpt":{"rendered":"<p>C\u00e1c c\u1eeda h\u00e0ng c\u1ea7n ki\u1ec3m k\u00ea th\u01b0\u1eddng xuy\u00ean \u0111\u1ec3 c\u1eadp nh\u1eadt d\u1eef li\u1ec7u. Hi\u1ec7n t\u1ea1i, \u0111ang th\u1ef1c hi\u1ec7n b\u1eb1ng tay, qu\u00e9t t\u1eebng s\u1ea3n ph\u1ea9m, \u0111i\u1ec1u n\u00e0y g\u1ea5y l\u00e3ng ph\u00ed th\u1eddi gian v\u00e0 t\u1ed1n k\u00e9m chi ph\u00ed.<\/p>\n","protected":false},"author":1,"featured_media":1582,"parent":933,"menu_order":4,"comment_status":"closed","ping_status":"closed","template":"","meta":[],"_links":{"self":[{"href":"https:\/\/anlab.vn\/vi\/wp-json\/wp\/v2\/pages\/942"}],"collection":[{"href":"https:\/\/anlab.vn\/vi\/wp-json\/wp\/v2\/pages"}],"about":[{"href":"https:\/\/anlab.vn\/vi\/wp-json\/wp\/v2\/types\/page"}],"author":[{"embeddable":true,"href":"https:\/\/anlab.vn\/vi\/wp-json\/wp\/v2\/users\/1"}],"replies":[{"embeddable":true,"href":"https:\/\/anlab.vn\/vi\/wp-json\/wp\/v2\/comments?post=942"}],"version-history":[{"count":15,"href":"https:\/\/anlab.vn\/vi\/wp-json\/wp\/v2\/pages\/942\/revisions"}],"predecessor-version":[{"id":3919,"href":"https:\/\/anlab.vn\/vi\/wp-json\/wp\/v2\/pages\/942\/revisions\/3919"}],"up":[{"embeddable":true,"href":"https:\/\/anlab.vn\/vi\/wp-json\/wp\/v2\/pages\/933"}],"wp:featuredmedia":[{"embeddable":true,"href":"https:\/\/anlab.vn\/vi\/wp-json\/wp\/v2\/media\/1582"}],"wp:attachment":[{"href":"https:\/\/anlab.vn\/vi\/wp-json\/wp\/v2\/media?parent=942"}],"curies":[{"name":"wp","href":"https:\/\/api.w.org\/{rel}","templated":true}]}}