{"id":939,"date":"2020-01-10T12:33:56","date_gmt":"2020-01-10T12:33:56","guid":{"rendered":"http:\/\/192.168.1.7\/?page_id=939"},"modified":"2021-04-01T04:48:51","modified_gmt":"2021-04-01T04:48:51","slug":"product-assessment","status":"publish","type":"page","link":"https:\/\/anlab.vn\/vi\/application-of-picmatch-al\/product-assessment\/","title":{"rendered":"Nh\u1eadn di\u1ec7n, \u0111\u00e1nh gi\u00e1 s\u1ea3n ph\u1ea9m"},"content":{"rendered":"<p>[vc_row margin_top=&#8221;0&#8243; margin_bottom=&#8221;0&#8243; padding_top=&#8221;0&#8243;][vc_column][vc_single_image image=&#8221;1687&#8243; img_size=&#8221;1000&#215;600&#8243;][\/vc_column][\/vc_row][vc_row margin_top=&#8221;0&#8243; padding_top=&#8221;0&#8243;][vc_column][vc_column_text]<\/p>\n<h3><strong><span style=\"color: #bb0000;\">\u1ee8ng d\u1ee5ng 3: Nh\u1eadn di\u1ec7n, \u0111\u00e1nh gi\u00e1 s\u1ea3n ph\u1ea9m<\/span><\/strong><\/h3>\n<h4><span style=\"font-family: Montserrat, Helvetica, Arial, sans-serif; font-size: 18px; letter-spacing: -0.2px; color: #bb0000;\">\u25c6 Kh\u00e1ch h\u00e0ng<\/span><\/h4>\n<ul>\n<li>C\u1eeda h\u00e0ng b\u00e1n \u0111\u1ed3 c\u0169 (g\u1eady g\u00f4n)<\/li>\n<\/ul>\n<h4 class=\"section-title\"><span style=\"font-family: Montserrat, Helvetica, Arial, sans-serif; font-size: 18px; letter-spacing: -0.2px; color: #bb0000;\">\u25c6 V\u1ea5n \u0111\u1ec1<\/span><\/h4>\n<ul>\n<li>S\u1ed1 l\u01b0\u1ee3ng m\u1eabu g\u1eady g\u00f4n c\u0169 r\u1ea5t l\u1edbn, con ng\u01b0\u1eddi kh\u00f3 c\u00f3 th\u1ec3 n\u1eafm b\u1eaft v\u00e0 x\u00e1c \u0111\u1ecbnh m\u1ed9t c\u00e1ch nhanh ch\u00f3ng v\u00e0 ch\u00ednh x\u00e1c.<\/li>\n<li>Ngo\u00e0i ra, t\u00ean v\u00e0 s\u1ed1 model c\u0169ng kh\u00f4ng c\u00f2n tr\u00ean s\u1ea3n ph\u1ea3m, n\u00ean r\u1ea5t kh\u00f3 \u0111\u1ec3 nh\u1eadn di\u1ec7n m\u1eabu s\u1ea3n ph\u1ea9m.<\/li>\n<\/ul>\n<h4><span style=\"font-family: Montserrat, Helvetica, Arial, sans-serif; font-size: 18px; letter-spacing: -0.2px; color: #bb0000;\">\u25c6 Gi\u1ea3i ph\u00e1p<\/span><\/h4>\n<ul>\n<li>Ch\u00fang t\u00f4i \u0111\u00e3 t\u1ea1o ra m\u1ed9t \u1ee9ng d\u1ee5ng s\u1eed d\u1ee5ng API c\u1ee7a PicMatch.<\/li>\n<li>\u1ee8ng d\u1ee5ng n\u00e0y ch\u1ee5p \u1ea3nh g\u1eady g\u00f4n, t\u00ecm ki\u1ebfm \u1ea3nh trong c\u01a1 s\u1edf d\u1eef li\u1ec7u \u0111\u1ec3 t\u00ecm ra model t\u01b0\u01a1ng \u1ee9ng v\u00e0 tr\u1ea3 v\u1ec1 th\u00f4ng tin cho ng\u01b0\u1eddi mua.<\/li>\n<li>D\u1ef1a v\u00e0o th\u00f4ng tin m\u00e0 \u1ee9ng d\u1ee5ng tr\u1ea3 v\u1ec1, ng\u01b0\u1eddi mua c\u00f3 th\u1ec3 quy\u1ebft \u0111\u1ecbnh \u0111\u01b0\u1ee3c gi\u00e1 mua cho s\u1ea3n ph\u1ea9m.<\/li>\n<\/ul>\n<p>[\/vc_column_text][\/vc_column][\/vc_row]<\/p>\n","protected":false},"excerpt":{"rendered":"<p>S\u1ed1 l\u01b0\u1ee3ng m\u1eabu g\u1eady g\u00f4n c\u0169 r\u1ea5t l\u1edbn. T\u00ean v\u00e0 s\u1ed1 model c\u0169ng kh\u00f4ng c\u00f2n tr\u00ean s\u1ea3n ph\u1ea3m. Con ng\u01b0\u1eddi kh\u00f3 c\u00f3 th\u1ec3 n\u1eafm b\u1eaft v\u00e0 x\u00e1c \u0111\u1ecbnh m\u1ed9t c\u00e1ch nhanh ch\u00f3ng v\u00e0 ch\u00ednh x\u00e1c.<\/p>\n","protected":false},"author":1,"featured_media":940,"parent":933,"menu_order":3,"comment_status":"closed","ping_status":"closed","template":"","meta":[],"_links":{"self":[{"href":"https:\/\/anlab.vn\/vi\/wp-json\/wp\/v2\/pages\/939"}],"collection":[{"href":"https:\/\/anlab.vn\/vi\/wp-json\/wp\/v2\/pages"}],"about":[{"href":"https:\/\/anlab.vn\/vi\/wp-json\/wp\/v2\/types\/page"}],"author":[{"embeddable":true,"href":"https:\/\/anlab.vn\/vi\/wp-json\/wp\/v2\/users\/1"}],"replies":[{"embeddable":true,"href":"https:\/\/anlab.vn\/vi\/wp-json\/wp\/v2\/comments?post=939"}],"version-history":[{"count":14,"href":"https:\/\/anlab.vn\/vi\/wp-json\/wp\/v2\/pages\/939\/revisions"}],"predecessor-version":[{"id":3918,"href":"https:\/\/anlab.vn\/vi\/wp-json\/wp\/v2\/pages\/939\/revisions\/3918"}],"up":[{"embeddable":true,"href":"https:\/\/anlab.vn\/vi\/wp-json\/wp\/v2\/pages\/933"}],"wp:featuredmedia":[{"embeddable":true,"href":"https:\/\/anlab.vn\/vi\/wp-json\/wp\/v2\/media\/940"}],"wp:attachment":[{"href":"https:\/\/anlab.vn\/vi\/wp-json\/wp\/v2\/media?parent=939"}],"curies":[{"name":"wp","href":"https:\/\/api.w.org\/{rel}","templated":true}]}}