{"id":936,"date":"2020-01-10T12:32:33","date_gmt":"2020-01-10T12:32:33","guid":{"rendered":"http:\/\/192.168.1.7\/?page_id=936"},"modified":"2021-04-01T04:48:51","modified_gmt":"2021-04-01T04:48:51","slug":"image-copyright-check","status":"publish","type":"page","link":"https:\/\/anlab.vn\/vi\/application-of-picmatch-al\/image-copyright-check\/","title":{"rendered":"T\u00ecm ki\u1ebfm \u1ea3nh t\u01b0\u01a1ng \u0111\u1ed3ng\/ Image similarity"},"content":{"rendered":"<p>[vc_row margin_top=&#8221;0&#8243; padding_top=&#8221;0&#8243;][vc_column][vc_single_image image=&#8221;1600&#8243; img_size=&#8221;1000&#215;600&#8243;][\/vc_column][\/vc_row][vc_row margin_top=&#8221;0&#8243; padding_top=&#8221;0&#8243;][vc_column][vc_column_text]<\/p>\n<h3><strong><span style=\"color: #bb0000;\">\u1ee8ng d\u1ee5ng 2: T\u00ecm ki\u1ebfm \u1ea3nh t\u01b0\u01a1ng \u0111\u1ed3ng\/ Image similarity<\/span><\/strong><\/h3>\n<p><span style=\"color: #bb0000; font-family: Montserrat, Helvetica, Arial, sans-serif; font-size: 18px; letter-spacing: -0.2px;\">\u25c6 Kh\u00e1ch h\u00e0ng<\/span><\/p>\n<div class=\"section-title\">\n<ul>\n<li>D\u1ecbch v\u1ee5 truy\u1ec1n th\u00f4ng du lich<\/li>\n<\/ul>\n<h4><span style=\"color: #bb0000;\">\u25c6 V\u1ea5n \u0111\u1ec1<\/span><\/h4>\n<ul>\n<li>M\u1ed9t v\u00e0i kh\u00e1ch s\u1ea1n \u0111\u00e3 \u0111\u0103ng k\u00fd c\u1ed1 t\u00ecnh \u0111\u0103ng k\u00fd l\u1ea1i nh\u01b0 m\u1ed9t kh\u00e1ch s\u1ea1n m\u1edbi v\u1edbi t\u00ean kh\u00e1ch (\u0111\u1ec3 tr\u00e1nh c\u00e1c b\u00ecnh lu\u1eadn x\u1ea5u, ho\u1eb7c \u0111\u1ec3 t\u0103ng s\u1ef1 xu\u1ea5t hi\u1ec7n trong k\u1ebft qu\u1ea3 t\u00ecm ki\u1ebfm)<\/li>\n<\/ul>\n<h4><span style=\"color: #bb0000;\">\u25c6 Gi\u1ea3i ph\u00e1p<\/span><\/h4>\n<\/div>\n<div class=\"section-title\">\n<ul>\n<li>\u1ea2nh ch\u1ee5p kh\u00e1ch s\u1ea1n (do kh\u00e1ch s\u1ea1n ho\u1eb7c kh\u00e1ch ch\u1ee5p) \u0111\u01b0a ra m\u1ed9t v\u00e0i \u0111\u1ea7u m\u1ed1i.<\/li>\n<li>M\u1eb7c d\u00f9 \u1ea3nh \u0111\u01b0\u1ee3c ch\u1ee5p kh\u00e1c nhau v\u1ec1 g\u00f3c \u0111\u1ed9 v\u00e0 th\u1eddi gian, nh\u01b0ng PicMatch v\u1eabn c\u00f3 th\u1ec3 t\u00ecm ra \u0111i\u1ec3m t\u01b0\u01a1ng \u0111\u1ed3ng gi\u1eefa c\u00e1c \u1ea3nh m\u00e0 kh\u00e1ch s\u1ea1n \u0111\u00e3 \u0111\u0103ng k\u00fd v\u00e0 x\u00e1c \u0111\u1ecbnh li\u1ec7u c\u00e1c \u1ea3nh \u0111\u00f3 c\u00f3 ph\u1ea3i l\u00e0 c\u1ee7a c\u00f9ng m\u1ed9t kh\u00e1ch s\u1ea1n hay kh\u00f4ng.<\/li>\n<\/ul>\n<\/div>\n<p>[\/vc_column_text][\/vc_column][\/vc_row]<\/p>\n","protected":false},"excerpt":{"rendered":"<p>M\u1ed9t v\u00e0i kh\u00e1ch s\u1ea1n \u0111\u00e3 \u0111\u0103ng k\u00fd c\u1ed1 t\u00ecnh \u0111\u0103ng k\u00fd l\u1ea1i nh\u01b0 m\u1ed9t kh\u00e1ch s\u1ea1n m\u1edbi v\u1edbi t\u00ean kh\u00e1ch (\u0111\u1ec3 tr\u00e1nh c\u00e1c b\u00ecnh lu\u1eadn x\u1ea5u, ho\u1eb7c \u0111\u1ec3 t\u0103ng s\u1ef1 xu\u1ea5t hi\u1ec7n trong k\u1ebft qu\u1ea3 t\u00ecm ki\u1ebfm)<\/p>\n","protected":false},"author":1,"featured_media":937,"parent":933,"menu_order":2,"comment_status":"closed","ping_status":"closed","template":"","meta":[],"_links":{"self":[{"href":"https:\/\/anlab.vn\/vi\/wp-json\/wp\/v2\/pages\/936"}],"collection":[{"href":"https:\/\/anlab.vn\/vi\/wp-json\/wp\/v2\/pages"}],"about":[{"href":"https:\/\/anlab.vn\/vi\/wp-json\/wp\/v2\/types\/page"}],"author":[{"embeddable":true,"href":"https:\/\/anlab.vn\/vi\/wp-json\/wp\/v2\/users\/1"}],"replies":[{"embeddable":true,"href":"https:\/\/anlab.vn\/vi\/wp-json\/wp\/v2\/comments?post=936"}],"version-history":[{"count":19,"href":"https:\/\/anlab.vn\/vi\/wp-json\/wp\/v2\/pages\/936\/revisions"}],"predecessor-version":[{"id":3917,"href":"https:\/\/anlab.vn\/vi\/wp-json\/wp\/v2\/pages\/936\/revisions\/3917"}],"up":[{"embeddable":true,"href":"https:\/\/anlab.vn\/vi\/wp-json\/wp\/v2\/pages\/933"}],"wp:featuredmedia":[{"embeddable":true,"href":"https:\/\/anlab.vn\/vi\/wp-json\/wp\/v2\/media\/937"}],"wp:attachment":[{"href":"https:\/\/anlab.vn\/vi\/wp-json\/wp\/v2\/media?parent=936"}],"curies":[{"name":"wp","href":"https:\/\/api.w.org\/{rel}","templated":true}]}}